{"id":290,"date":"2025-09-15T13:29:12","date_gmt":"2025-09-15T13:29:12","guid":{"rendered":"https:\/\/studionebuleuse.fr\/?page_id=290"},"modified":"2025-09-15T13:33:37","modified_gmt":"2025-09-15T13:33:37","slug":"politique-de-confidentialite-studio-nebuleuse","status":"publish","type":"page","link":"https:\/\/studionebuleuse.fr\/?page_id=290","title":{"rendered":"Politique de confidentialit\u00e9 \u2013 Studio N\u00e9buleuse"},"content":{"rendered":"\t\t<div data-elementor-type=\"wp-page\" data-elementor-id=\"290\" class=\"elementor elementor-290\">\n\t\t\t\t<div class=\"elementor-element elementor-element-28f79da6 e-flex e-con-boxed e-con e-parent\" data-id=\"28f79da6\" data-element_type=\"container\">\n\t\t\t\t\t<div class=\"e-con-inner\">\n\t\t\t\t<div class=\"elementor-element elementor-element-4f52629f elementor-widget elementor-widget-text-editor\" data-id=\"4f52629f\" data-element_type=\"widget\" data-widget_type=\"text-editor.default\">\n\t\t\t\t\t\t\t\t\t\n<h2 class=\"wp-block-heading\"><\/h2>\n\n\n\n<p><\/p>\n\t\t\t\t\t\t\t\t<\/div>\n\t\t\t\t\t<\/div>\n\t\t\t\t<\/div>\n\t\t<div class=\"elementor-element elementor-element-9a4159f e-flex e-con-boxed e-con e-parent\" data-id=\"9a4159f\" data-element_type=\"container\">\n\t\t\t\t\t<div class=\"e-con-inner\">\n\t\t\t\t<div class=\"elementor-element elementor-element-e73f62e elementor-widget elementor-widget-text-editor\" data-id=\"e73f62e\" data-element_type=\"widget\" data-widget_type=\"text-editor.default\">\n\t\t\t\t\t\t\t\t\t<h1 data-start=\"251\" data-end=\"305\">Politique de confidentialit\u00e9 \u2013 Studio N\u00e9buleuse<\/h1>\n<h2 data-start=\"307\" data-end=\"340\">1. Responsable du traitement<\/h2>\n<p data-start=\"341\" data-end=\"475\">Le responsable du traitement des donn\u00e9es est :<br data-start=\"387\" data-end=\"390\" \/><strong data-start=\"390\" data-end=\"426\">Am\u00e9lie Didio<\/strong><br data-start=\"426\" data-end=\"429\" \/>30 la grande rue, 76450 Saint-martin aux buneaux<br data-start=\"438\" data-end=\"441\" \/>contact@stuionebuleuse.fr\u2013 0608692685<\/p>\n<h2 data-start=\"477\" data-end=\"503\">2. Donn\u00e9es collect\u00e9es<\/h2>\n<p data-start=\"504\" data-end=\"607\">Dans le cadre de nos activit\u00e9s (graphisme, photographie, cr\u00e9ation visuelle), nous pouvons collecter :<\/p>\n<ul data-start=\"608\" data-end=\"850\">\n<li data-start=\"608\" data-end=\"672\">\n<p data-start=\"610\" data-end=\"672\">Nom, pr\u00e9nom, coordonn\u00e9es (email, t\u00e9l\u00e9phone, adresse postale)<\/p>\n<\/li>\n<li data-start=\"673\" data-end=\"776\">\n<p data-start=\"675\" data-end=\"776\">Informations li\u00e9es \u00e0 un projet (d\u00e9tails techniques, visuels fournis, pr\u00e9f\u00e9rences esth\u00e9tiques, etc.)<\/p>\n<\/li>\n<li data-start=\"777\" data-end=\"850\">\n<p data-start=\"779\" data-end=\"850\">Donn\u00e9es de navigation sur notre site (cookies, statistiques anonymes)<\/p>\n<\/li>\n<\/ul>\n<p data-start=\"852\" data-end=\"949\">Nous ne collectons que les donn\u00e9es strictement n\u00e9cessaires \u00e0 la r\u00e9alisation de nos prestations.<\/p>\n<h2 data-start=\"951\" data-end=\"981\">3. Finalit\u00e9 du traitement<\/h2>\n<p data-start=\"982\" data-end=\"1041\">Vos donn\u00e9es personnelles sont utilis\u00e9es uniquement pour :<\/p>\n<ul data-start=\"1042\" data-end=\"1258\">\n<li data-start=\"1042\" data-end=\"1078\">\n<p data-start=\"1044\" data-end=\"1078\">R\u00e9pondre \u00e0 vos demandes et devis<\/p>\n<\/li>\n<li data-start=\"1079\" data-end=\"1136\">\n<p data-start=\"1081\" data-end=\"1136\">Assurer le suivi et la r\u00e9alisation de nos prestations<\/p>\n<\/li>\n<li data-start=\"1137\" data-end=\"1180\">\n<p data-start=\"1139\" data-end=\"1180\">G\u00e9rer la facturation et la comptabilit\u00e9<\/p>\n<\/li>\n<li data-start=\"1181\" data-end=\"1258\">\n<p data-start=\"1183\" data-end=\"1258\">Communiquer des informations relatives \u00e0 nos services (avec votre accord)<\/p>\n<\/li>\n<\/ul>\n<h2 data-start=\"1260\" data-end=\"1289\">4. Dur\u00e9e de conservation<\/h2>\n<p data-start=\"1290\" data-end=\"1321\">Les donn\u00e9es sont conserv\u00e9es :<\/p>\n<ul data-start=\"1322\" data-end=\"1447\">\n<li data-start=\"1322\" data-end=\"1386\">\n<p data-start=\"1324\" data-end=\"1386\">3 ans apr\u00e8s le dernier contact commercial pour les prospects<\/p>\n<\/li>\n<li data-start=\"1387\" data-end=\"1447\">\n<p data-start=\"1389\" data-end=\"1447\">10 ans pour les documents comptables (obligation l\u00e9gale)<\/p>\n<\/li>\n<\/ul>\n<h2 data-start=\"1449\" data-end=\"1476\">5. Partage des donn\u00e9es<\/h2>\n<p data-start=\"1477\" data-end=\"1592\">Vos donn\u00e9es ne sont <strong data-start=\"1497\" data-end=\"1541\">jamais vendues ni transmises \u00e0 des tiers<\/strong>.<br data-start=\"1542\" data-end=\"1545\" \/>Elles peuvent toutefois \u00eatre partag\u00e9es avec :<\/p>\n<ul data-start=\"1593\" data-end=\"1704\">\n<li data-start=\"1593\" data-end=\"1704\">\n<p data-start=\"1595\" data-end=\"1704\">Nos prestataires techniques (h\u00e9bergeur, outils de facturation, emailing) dans la stricte mesure n\u00e9cessaire.<\/p>\n<\/li>\n<\/ul>\n<h2 data-start=\"1706\" data-end=\"1724\">6. Vos droits<\/h2>\n<p data-start=\"1725\" data-end=\"1784\">Conform\u00e9ment au RGPD, vous disposez des droits suivants :<\/p>\n<ul data-start=\"1785\" data-end=\"1961\">\n<li data-start=\"1785\" data-end=\"1839\">\n<p data-start=\"1787\" data-end=\"1839\">Acc\u00e8s, rectification et suppression de vos donn\u00e9es<\/p>\n<\/li>\n<li data-start=\"1840\" data-end=\"1882\">\n<p data-start=\"1842\" data-end=\"1882\">Opposition ou limitation du traitement<\/p>\n<\/li>\n<li data-start=\"1883\" data-end=\"1913\">\n<p data-start=\"1885\" data-end=\"1913\">Portabilit\u00e9 de vos donn\u00e9es<\/p>\n<\/li>\n<li data-start=\"1914\" data-end=\"1961\">\n<p data-start=\"1916\" data-end=\"1961\">R\u00e9clamation aupr\u00e8s de la CNIL (<a class=\"decorated-link cursor-pointer\" target=\"_new\" rel=\"noopener\" data-start=\"1947\" data-end=\"1958\">www.cnil.fr<\/a>)<\/p>\n<\/li>\n<\/ul>\n<p data-start=\"1963\" data-end=\"2022\">Pour exercer vos droits, contactez-nous \u00e0 : contact@studionebuleuse.fr<\/p>\n<h2 data-start=\"2024\" data-end=\"2052\">7. S\u00e9curit\u00e9 des donn\u00e9es<\/h2>\n<p data-start=\"2053\" data-end=\"2214\">Nous mettons en \u0153uvre des mesures techniques et organisationnelles afin de prot\u00e9ger vos donn\u00e9es (acc\u00e8s restreint, mots de passe s\u00e9curis\u00e9s, h\u00e9bergement fiable).<\/p>\n<h2 data-start=\"2216\" data-end=\"2231\">8. Cookies<\/h2>\n<p data-start=\"2232\" data-end=\"2417\">Notre site peut utiliser des cookies pour am\u00e9liorer la navigation et \u00e9tablir des statistiques anonymes. Vous pouvez \u00e0 tout moment configurer votre navigateur pour refuser les cookies.<\/p>\n<h2 data-start=\"2419\" data-end=\"2434\">9. Contact<\/h2>\n<p data-start=\"2435\" data-end=\"2549\">Pour toute question relative \u00e0 cette politique, vous pouvez nous \u00e9crire \u00e0 :<br data-start=\"2510\" data-end=\"2513\" \/>contact@studionebuleuse.fr<\/p>\t\t\t\t\t\t\t\t<\/div>\n\t\t\t\t\t<\/div>\n\t\t\t\t<\/div>\n\t\t\t\t<\/div>\n\t\t","protected":false},"excerpt":{"rendered":"<p>Politique de confidentialit\u00e9 \u2013 Studio N\u00e9buleuse 1. Responsable du traitement Le responsable du traitement des donn\u00e9es est :Am\u00e9lie Didio30 la [&hellip;]<\/p>\n","protected":false},"author":1,"featured_media":0,"parent":0,"menu_order":0,"comment_status":"closed","ping_status":"closed","template":"elementor_header_footer","meta":{"site-sidebar-layout":"default","site-content-layout":"","ast-site-content-layout":"default","site-content-style":"default","site-sidebar-style":"default","ast-global-header-display":"","ast-banner-title-visibility":"","ast-main-header-display":"","ast-hfb-above-header-display":"","ast-hfb-below-header-display":"","ast-hfb-mobile-header-display":"","site-post-title":"","ast-breadcrumbs-content":"","ast-featured-img":"","footer-sml-layout":"","theme-transparent-header-meta":"","adv-header-id-meta":"","stick-header-meta":"","header-above-stick-meta":"","header-main-stick-meta":"","header-below-stick-meta":"","astra-migrate-meta-layouts":"default","ast-page-background-enabled":"default","ast-page-background-meta":{"desktop":{"background-color":"var(--ast-global-color-5)","background-image":"","background-repeat":"repeat","background-position":"center center","background-size":"auto","background-attachment":"scroll","background-type":"","background-media":"","overlay-type":"","overlay-color":"","overlay-opacity":"","overlay-gradient":""},"tablet":{"background-color":"","background-image":"","background-repeat":"repeat","background-position":"center center","background-size":"auto","background-attachment":"scroll","background-type":"","background-media":"","overlay-type":"","overlay-color":"","overlay-opacity":"","overlay-gradient":""},"mobile":{"background-color":"","background-image":"","background-repeat":"repeat","background-position":"center center","background-size":"auto","background-attachment":"scroll","background-type":"","background-media":"","overlay-type":"","overlay-color":"","overlay-opacity":"","overlay-gradient":""}},"ast-content-background-meta":{"desktop":{"background-color":"var(--ast-global-color-4)","background-image":"","background-repeat":"repeat","background-position":"center center","background-size":"auto","background-attachment":"scroll","background-type":"","background-media":"","overlay-type":"","overlay-color":"","overlay-opacity":"","overlay-gradient":""},"tablet":{"background-color":"var(--ast-global-color-4)","background-image":"","background-repeat":"repeat","background-position":"center center","background-size":"auto","background-attachment":"scroll","background-type":"","background-media":"","overlay-type":"","overlay-color":"","overlay-opacity":"","overlay-gradient":""},"mobile":{"background-color":"var(--ast-global-color-4)","background-image":"","background-repeat":"repeat","background-position":"center center","background-size":"auto","background-attachment":"scroll","background-type":"","background-media":"","overlay-type":"","overlay-color":"","overlay-opacity":"","overlay-gradient":""}},"footnotes":""},"class_list":["post-290","page","type-page","status-publish","hentry"],"yoast_head":"<!-- This site is optimized with the Yoast SEO plugin v26.5 - https:\/\/yoast.com\/wordpress\/plugins\/seo\/ -->\n<title>Politique de confidentialit\u00e9 \u2013 Studio N\u00e9buleuse - Studio N\u00e9buleuse<\/title>\n<meta name=\"robots\" content=\"index, follow, max-snippet:-1, max-image-preview:large, max-video-preview:-1\" \/>\n<link rel=\"canonical\" href=\"https:\/\/studionebuleuse.fr\/?page_id=290\" \/>\n<meta property=\"og:locale\" content=\"fr_FR\" \/>\n<meta property=\"og:type\" content=\"article\" \/>\n<meta property=\"og:title\" content=\"Politique de confidentialit\u00e9 \u2013 Studio N\u00e9buleuse - Studio N\u00e9buleuse\" \/>\n<meta property=\"og:description\" content=\"Politique de confidentialit\u00e9 \u2013 Studio N\u00e9buleuse 1. Responsable du traitement Le responsable du traitement des donn\u00e9es est :Am\u00e9lie Didio30 la [&hellip;]\" \/>\n<meta property=\"og:url\" content=\"https:\/\/studionebuleuse.fr\/?page_id=290\" \/>\n<meta property=\"og:site_name\" content=\"Studio N\u00e9buleuse\" \/>\n<meta property=\"article:modified_time\" content=\"2025-09-15T13:33:37+00:00\" \/>\n<meta name=\"twitter:card\" content=\"summary_large_image\" \/>\n<meta name=\"twitter:label1\" content=\"Dur\u00e9e de lecture estim\u00e9e\" \/>\n\t<meta name=\"twitter:data1\" content=\"2 minutes\" \/>\n<script type=\"application\/ld+json\" class=\"yoast-schema-graph\">{\"@context\":\"https:\/\/schema.org\",\"@graph\":[{\"@type\":\"WebPage\",\"@id\":\"https:\/\/studionebuleuse.fr\/?page_id=290\",\"url\":\"https:\/\/studionebuleuse.fr\/?page_id=290\",\"name\":\"Politique de confidentialit\u00e9 \u2013 Studio N\u00e9buleuse - Studio N\u00e9buleuse\",\"isPartOf\":{\"@id\":\"https:\/\/studionebuleuse.fr\/#website\"},\"datePublished\":\"2025-09-15T13:29:12+00:00\",\"dateModified\":\"2025-09-15T13:33:37+00:00\",\"breadcrumb\":{\"@id\":\"https:\/\/studionebuleuse.fr\/?page_id=290#breadcrumb\"},\"inLanguage\":\"fr-FR\",\"potentialAction\":[{\"@type\":\"ReadAction\",\"target\":[\"https:\/\/studionebuleuse.fr\/?page_id=290\"]}]},{\"@type\":\"BreadcrumbList\",\"@id\":\"https:\/\/studionebuleuse.fr\/?page_id=290#breadcrumb\",\"itemListElement\":[{\"@type\":\"ListItem\",\"position\":1,\"name\":\"Accueil\",\"item\":\"https:\/\/studionebuleuse.fr\/\"},{\"@type\":\"ListItem\",\"position\":2,\"name\":\"Politique de confidentialit\u00e9 \u2013 Studio N\u00e9buleuse\"}]},{\"@type\":\"WebSite\",\"@id\":\"https:\/\/studionebuleuse.fr\/#website\",\"url\":\"https:\/\/studionebuleuse.fr\/\",\"name\":\"Studio N\u00e9buleuse\",\"description\":\"\",\"publisher\":{\"@id\":\"https:\/\/studionebuleuse.fr\/#organization\"},\"potentialAction\":[{\"@type\":\"SearchAction\",\"target\":{\"@type\":\"EntryPoint\",\"urlTemplate\":\"https:\/\/studionebuleuse.fr\/?s={search_term_string}\"},\"query-input\":{\"@type\":\"PropertyValueSpecification\",\"valueRequired\":true,\"valueName\":\"search_term_string\"}}],\"inLanguage\":\"fr-FR\"},{\"@type\":\"Organization\",\"@id\":\"https:\/\/studionebuleuse.fr\/#organization\",\"name\":\"Studio N\u00e9buleuse\",\"url\":\"https:\/\/studionebuleuse.fr\/\",\"logo\":{\"@type\":\"ImageObject\",\"inLanguage\":\"fr-FR\",\"@id\":\"https:\/\/studionebuleuse.fr\/#\/schema\/logo\/image\/\",\"url\":\"https:\/\/studionebuleuse.fr\/wp-content\/uploads\/2025\/09\/cropped-logo-vert-fonce.png\",\"contentUrl\":\"https:\/\/studionebuleuse.fr\/wp-content\/uploads\/2025\/09\/cropped-logo-vert-fonce.png\",\"width\":1055,\"height\":566,\"caption\":\"Studio N\u00e9buleuse\"},\"image\":{\"@id\":\"https:\/\/studionebuleuse.fr\/#\/schema\/logo\/image\/\"}}]}<\/script>\n<!-- \/ Yoast SEO plugin. -->","yoast_head_json":{"title":"Politique de confidentialit\u00e9 \u2013 Studio N\u00e9buleuse - Studio N\u00e9buleuse","robots":{"index":"index","follow":"follow","max-snippet":"max-snippet:-1","max-image-preview":"max-image-preview:large","max-video-preview":"max-video-preview:-1"},"canonical":"https:\/\/studionebuleuse.fr\/?page_id=290","og_locale":"fr_FR","og_type":"article","og_title":"Politique de confidentialit\u00e9 \u2013 Studio N\u00e9buleuse - Studio N\u00e9buleuse","og_description":"Politique de confidentialit\u00e9 \u2013 Studio N\u00e9buleuse 1. Responsable du traitement Le responsable du traitement des donn\u00e9es est :Am\u00e9lie Didio30 la [&hellip;]","og_url":"https:\/\/studionebuleuse.fr\/?page_id=290","og_site_name":"Studio N\u00e9buleuse","article_modified_time":"2025-09-15T13:33:37+00:00","twitter_card":"summary_large_image","twitter_misc":{"Dur\u00e9e de lecture estim\u00e9e":"2 minutes"},"schema":{"@context":"https:\/\/schema.org","@graph":[{"@type":"WebPage","@id":"https:\/\/studionebuleuse.fr\/?page_id=290","url":"https:\/\/studionebuleuse.fr\/?page_id=290","name":"Politique de confidentialit\u00e9 \u2013 Studio N\u00e9buleuse - Studio N\u00e9buleuse","isPartOf":{"@id":"https:\/\/studionebuleuse.fr\/#website"},"datePublished":"2025-09-15T13:29:12+00:00","dateModified":"2025-09-15T13:33:37+00:00","breadcrumb":{"@id":"https:\/\/studionebuleuse.fr\/?page_id=290#breadcrumb"},"inLanguage":"fr-FR","potentialAction":[{"@type":"ReadAction","target":["https:\/\/studionebuleuse.fr\/?page_id=290"]}]},{"@type":"BreadcrumbList","@id":"https:\/\/studionebuleuse.fr\/?page_id=290#breadcrumb","itemListElement":[{"@type":"ListItem","position":1,"name":"Accueil","item":"https:\/\/studionebuleuse.fr\/"},{"@type":"ListItem","position":2,"name":"Politique de confidentialit\u00e9 \u2013 Studio N\u00e9buleuse"}]},{"@type":"WebSite","@id":"https:\/\/studionebuleuse.fr\/#website","url":"https:\/\/studionebuleuse.fr\/","name":"Studio N\u00e9buleuse","description":"","publisher":{"@id":"https:\/\/studionebuleuse.fr\/#organization"},"potentialAction":[{"@type":"SearchAction","target":{"@type":"EntryPoint","urlTemplate":"https:\/\/studionebuleuse.fr\/?s={search_term_string}"},"query-input":{"@type":"PropertyValueSpecification","valueRequired":true,"valueName":"search_term_string"}}],"inLanguage":"fr-FR"},{"@type":"Organization","@id":"https:\/\/studionebuleuse.fr\/#organization","name":"Studio N\u00e9buleuse","url":"https:\/\/studionebuleuse.fr\/","logo":{"@type":"ImageObject","inLanguage":"fr-FR","@id":"https:\/\/studionebuleuse.fr\/#\/schema\/logo\/image\/","url":"https:\/\/studionebuleuse.fr\/wp-content\/uploads\/2025\/09\/cropped-logo-vert-fonce.png","contentUrl":"https:\/\/studionebuleuse.fr\/wp-content\/uploads\/2025\/09\/cropped-logo-vert-fonce.png","width":1055,"height":566,"caption":"Studio N\u00e9buleuse"},"image":{"@id":"https:\/\/studionebuleuse.fr\/#\/schema\/logo\/image\/"}}]}},"_links":{"self":[{"href":"https:\/\/studionebuleuse.fr\/index.php?rest_route=\/wp\/v2\/pages\/290","targetHints":{"allow":["GET"]}}],"collection":[{"href":"https:\/\/studionebuleuse.fr\/index.php?rest_route=\/wp\/v2\/pages"}],"about":[{"href":"https:\/\/studionebuleuse.fr\/index.php?rest_route=\/wp\/v2\/types\/page"}],"author":[{"embeddable":true,"href":"https:\/\/studionebuleuse.fr\/index.php?rest_route=\/wp\/v2\/users\/1"}],"replies":[{"embeddable":true,"href":"https:\/\/studionebuleuse.fr\/index.php?rest_route=%2Fwp%2Fv2%2Fcomments&post=290"}],"version-history":[{"count":3,"href":"https:\/\/studionebuleuse.fr\/index.php?rest_route=\/wp\/v2\/pages\/290\/revisions"}],"predecessor-version":[{"id":293,"href":"https:\/\/studionebuleuse.fr\/index.php?rest_route=\/wp\/v2\/pages\/290\/revisions\/293"}],"wp:attachment":[{"href":"https:\/\/studionebuleuse.fr\/index.php?rest_route=%2Fwp%2Fv2%2Fmedia&parent=290"}],"curies":[{"name":"wp","href":"https:\/\/api.w.org\/{rel}","templated":true}]}}